{"id":68,"date":"2024-11-10T20:46:34","date_gmt":"2024-11-10T18:46:34","guid":{"rendered":"https:\/\/boruni-gallery.local\/?page_id=68"},"modified":"2024-11-19T13:06:12","modified_gmt":"2024-11-19T11:06:12","slug":"certyficate","status":"publish","type":"page","link":"https:\/\/boruni.pl\/pl\/certyficate\/","title":{"rendered":"Certyfikat"},"content":{"rendered":"<p>Wszystkie wyroby bursztynnicze, kt\u00f3re prezentujemy w naszych galeriach i stoiskach handlowych, s\u0105 uprzednio zbadane na spektometrze pod k\u0105tem autentyczno\u015bci, kt\u00f3r\u0105 potwierdzamy certyfikatem. <\/p>\n\n\n\n<p>Certyfikat badania wydawany jest tylko i wy\u0142\u0105cznie na podstawie analizy konkretnego wyrobu. Na certyfikacie z unikalnym hologramem zamieszczono opis wyrobu, jego wag\u0119, opini\u0119 rzeczoznawcy o wszelkich rekonstrukcjach i modyfikacjach oraz date i miejsce badania.<\/p>","protected":false},"excerpt":{"rendered":"<p>All amber products that we present in our galleries and sales stands are previously tested on a spectrometer for authenticity, which is confirmed by a certificate. The test certificate is issued only and exclusively on the basis of the analysis of a specific product. The certificate with a unique hologram includes a description of the [&hellip;]<\/p>\n","protected":false},"author":1,"featured_media":320,"parent":0,"menu_order":0,"comment_status":"closed","ping_status":"closed","template":"","meta":{"_acf_changed":false,"slim_seo":{"title":"Certyficate - BORUNI Amber Gallery","description":"Certyficate Guarantee of authenticity of amber certyficate All amber products that we present in our galleries and sales stands are previously tested on a spect"},"footnotes":""},"class_list":["post-68","page","type-page","status-publish","has-post-thumbnail","hentry"],"acf":[],"_links":{"self":[{"href":"https:\/\/boruni.pl\/pl\/wp-json\/wp\/v2\/pages\/68","targetHints":{"allow":["GET"]}}],"collection":[{"href":"https:\/\/boruni.pl\/pl\/wp-json\/wp\/v2\/pages"}],"about":[{"href":"https:\/\/boruni.pl\/pl\/wp-json\/wp\/v2\/types\/page"}],"author":[{"embeddable":true,"href":"https:\/\/boruni.pl\/pl\/wp-json\/wp\/v2\/users\/1"}],"replies":[{"embeddable":true,"href":"https:\/\/boruni.pl\/pl\/wp-json\/wp\/v2\/comments?post=68"}],"version-history":[{"count":5,"href":"https:\/\/boruni.pl\/pl\/wp-json\/wp\/v2\/pages\/68\/revisions"}],"predecessor-version":[{"id":394,"href":"https:\/\/boruni.pl\/pl\/wp-json\/wp\/v2\/pages\/68\/revisions\/394"}],"wp:featuredmedia":[{"embeddable":true,"href":"https:\/\/boruni.pl\/pl\/wp-json\/wp\/v2\/media\/320"}],"wp:attachment":[{"href":"https:\/\/boruni.pl\/pl\/wp-json\/wp\/v2\/media?parent=68"}],"curies":[{"name":"wp","href":"https:\/\/api.w.org\/{rel}","templated":true}]}}