{"id":29,"date":"2024-10-08T15:36:20","date_gmt":"2024-10-08T13:36:20","guid":{"rendered":"https:\/\/boruni-gallery.local\/?page_id=29"},"modified":"2024-11-16T21:09:53","modified_gmt":"2024-11-16T19:09:53","slug":"privacy-policy","status":"publish","type":"page","link":"https:\/\/boruni.pl\/pl\/privacy-policy\/","title":{"rendered":"Polityka prywatno\u015bci"},"content":{"rendered":"<p><strong>ADMINISTRATOR DANYCH OSOBOWYCH<\/strong><br>Administratorem Danych Osobowych jest Tomasz Miko\u0142ajczyk prowadz\u0105cy dzia\u0142alno\u015b\u0107 gospodarcz\u0105 pod firm\u0105 Miko\u0142ajczyki Amber Tomasz Miko\u0142ajczyk z siedzib\u0105 w Krakowie, pod adresem: Rynek G\u0142\u00f3wny 1\/3, Sukiennice Kram 29, 31-042 Krak\u00f3w, posiadaj\u0105cy numer identyfikacji podatkowej NIP: 676-000-28-35 oraz numer REGON: 350556249.<\/p>\n\n\n\n<p><strong>CZYM S\u0104 PLIKI COOKIE?<\/strong><br>Pliki cookie, zwane r\u00f3wnie\u017c ciasteczkami (z angielskiego \u201ecookie\u201d oznacza ciasteczko), to ma\u0142e pliki tekstowe (txt) wysy\u0142ane przez serwer WWW i zapisywane po stronie u\u017cytkownika (zazwyczaj na dysku twardym). Pliki cookie s\u0105 potrzebne do u\u0142atwienia korzystania ze strony i uczynienia jej bardziej przyjazn\u0105 dla u\u017cytkownika. Pliki cookie nie s\u0105 szkodliwe dla komputera. Parametry plik\u00f3w cookie pozwalaj\u0105 na odczytanie zawartych w nich informacji jedynie serwerowi, kt\u00f3ry je utworzy\u0142.<\/p>\n\n\n\n<p><strong>JAKIE FUNKCJE MAJ\u0104 PLIKI COOKIE?<\/strong><br>Pliki cookie zawieraj\u0105 r\u00f3\u017cnorodne informacje o u\u017cytkowniku danej witryny internetowej i historii jego komunikacji ze stron\u0105. Dzi\u0119ki nim w\u0142a\u015bciciel serwera, kt\u00f3ry wys\u0142a\u0142 pliki cookie, mo\u017ce \u0142atwo pozna\u0107 adres IP u\u017cytkownika, a tak\u017ce na przyk\u0142ad sprawdzi\u0107, jakie strony przegl\u0105da\u0142 on przed wej\u015bciem na jego witryn\u0119. Ponadto w\u0142a\u015bciciel serwera mo\u017ce sprawdzi\u0107, z jakiej przegl\u0105darki korzysta u\u017cytkownik i czy podczas wy\u015bwietlania strony nie pojawi\u0142y si\u0119 komunikaty o b\u0142\u0119dach. Warto jednak zaznaczy\u0107, \u017ce dane te nie s\u0105 kojarzone z konkretnymi osobami przegl\u0105daj\u0105cymi strony, a jedynie z komputerem po\u0142\u0105czonym z internetem, na kt\u00f3rym pliki cookie zosta\u0142y zapisane (s\u0142u\u017cy do tego adres IP).<\/p>\n\n\n\n<p><strong>JAKI JEST CEL PRZETWARZANIA DANYCH ZA POMOC\u0104 PLIK\u00d3W COOKIES I PODSTAWA PRAWNA PRZETWARZANIA?<\/strong><br>Przetwarzanie danych uzyskanych za po\u015brednictwem plik\u00f3w cookies jest niezb\u0119dne do cel\u00f3w wynikaj\u0105cych z prawnie uzasadnionych interes\u00f3w realizowanych przez Administratora, tj. w celach marketingowych i analitycznych (art. 6 ust. 1 lit. f) RODO \u2013 og\u00f3lnego rozporz\u0105dzenia o ochronie danych osobowych z dnia 27 kwietnia 2016 r. (Rozporz\u0105dzenie Parlamentu Europejskiego i Rady (UE) 2016\/679).<\/p>\n\n\n\n<p><strong>CZY DANE Z PLIK\u00d3W COOKIE S\u0104 UDOST\u0118PNIANE PODMIOTOM TRZECIM?<\/strong><br>Tak. Dane uzyskane z plik\u00f3w cookies b\u0119d\u0105 przekazywane do Google Analytics oraz firmy informatycznej obs\u0142uguj\u0105cej Administratora Danych. Dane z plik\u00f3w cookies nie b\u0119d\u0105 przekazywane do pa\u0144stw trzecich ani organizacji mi\u0119dzynarodowych.<\/p>\n\n\n\n<p><strong>JAK WYKORZYSTUJEMY INFORMACJE Z PLIK\u00d3W COOKIE?<\/strong><br>Pliki \u201ecookies\u201d stanowi\u0105 istotny element funkcjonowania naszej strony internetowej. G\u0142\u00f3wnym celem plik\u00f3w \u201ecookies\u201d jest usprawnienie korzystania ze strony. Zazwyczaj dane te s\u0142u\u017c\u0105 do automatycznego rozpoznawania konkretnego u\u017cytkownika przez serwer, co pozwala na wygenerowanie strony internetowej przeznaczonej dla niego. Umo\u017cliwia to na przyk\u0142ad personalizacj\u0119 stron internetowych i witryn, logowanie oraz korzystanie z niekt\u00f3rych formularzy kontaktowych.<br>Podczas korzystania ze strony internetowej. \u201ePliki cookie\u201d pomagaj\u0105 nam na przyk\u0142ad zidentyfikowa\u0107 u\u017cytkownika (je\u015bli jest zarejestrowany na naszej stronie internetowej), zapami\u0119ta\u0107 jego preferencje podczas korzystania ze strony internetowej i podczas przysz\u0142ych wizyt, zarz\u0105dza\u0107 koszykiem zakupowym, dokonywa\u0107 zakup\u00f3w online itp. Pliki cookie s\u0142u\u017c\u0105 do dostosowywania zawarto\u015bci stron internetowych do preferencji u\u017cytkownika oraz zwi\u0119kszania u\u017cyteczno\u015bci i personalizacji tre\u015bci witryny.<br>Pliki \u201ecookies\u201d s\u0105 przechowywane na naszym koncie Google Analytics.<\/p>\n\n\n\n<p><strong>POLITYKA PRYWATNO\u015aCI I PLIK\u00d3W COOKIE<\/strong><br>Pliki \u201ecookies\u201d gromadz\u0105 dane osobowe w postaci adresu IP komputera u\u017cytkownika i mog\u0105 by\u0107 gromadzone wy\u0142\u0105cznie w celu wykonywania okre\u015blonych funkcji na rzecz u\u017cytkownika. Zgodnie z polityk\u0105 Administratora, dane s\u0105 szyfrowane, co uniemo\u017cliwia dost\u0119p do nich osobom nieupowa\u017cnionym.<\/p>\n\n\n\n<p><strong>DATA WA\u017bNO\u015aCI \u201ePLIK\u00d3W COOKIE\u201d<\/strong><br>Dane pochodz\u0105ce z plik\u00f3w cookie b\u0119dziemy przechowywa\u0107 przez nast\u0119puj\u0105cy okres: 30 dni.<\/p>\n\n\n\n<p><strong>USUWANIE PLIK\u00d3W COOKIE<\/strong><br>Standardowo oprogramowanie s\u0142u\u017c\u0105ce do przegl\u0105dania stron internetowych domy\u015blnie dopuszcza umieszczanie plik\u00f3w \u201ecookies\u201d na urz\u0105dzeniu ko\u0144cowym. U\u017cytkownik mo\u017ce w ka\u017cdej chwili cofn\u0105\u0107 lub zmieni\u0107 zakres uprzednio wyra\u017conej zgody na wykorzystywanie plik\u00f3w \u201ecookies\u201d w Serwisie oraz zdecydowa\u0107 o ich usuni\u0119ciu poprzez wprowadzenie odpowiednich zmian w konfiguracji przegl\u0105darki. Je\u015bli uwa\u017casz, \u017ce obecno\u015b\u0107 plik\u00f3w \u201ecookies\u201d narusza Twoj\u0105 prywatno\u015b\u0107, mo\u017cesz w ka\u017cdej chwili zablokowa\u0107 ich otrzymywanie oraz usun\u0105\u0107 pliki \u201ecookies\u201d ju\u017c zapisane w pami\u0119ci przegl\u0105darki. Zmiany mo\u017cna wprowadzi\u0107 dla konkretnej witryny lub dla wszystkich po\u0142\u0105cze\u0144 z Twojej przegl\u0105darki w og\u00f3le.<\/p>\n\n\n\n<p><strong>JAKIE S\u0104 TWOJE PRAWA W ZWI\u0104ZKU Z PRZETWARZANIEM DANYCH?<\/strong><br>Masz prawo do:<br>a) prawo \u017c\u0105dania od Administratora dost\u0119pu do danych osobowych, ich sprostowania, usuni\u0119cia lub ograniczenia przetwarzania,<br>b) prawo do sprzeciwu wobec przetwarzania,<br>c) prawo do przenoszenia danych<br>d) prawo wniesienia skargi do organu nadzorczego.<br>Przys\u0142uguje Ci prawo do zg\u0142oszenia realizacji swoich praw pisemnie na adres: Tomasz Miko\u0142ajczyk Miko\u0142ajczyki Amber, ul. Rynek G\u0142\u00f3wny 1\/3, 31-042 Krak\u00f3w.<\/p>\n\n\n\n<p>Podanie danych jest warunkiem prawid\u0142owego korzystania ze strony internetowej <em>boruni.pl<\/em>, tj. pod k\u0105tem jego pe\u0142nej u\u017cyteczno\u015bci i funkcjonalno\u015bci. Podanie danych osobowych jest dobrowolne, ale konsekwencj\u0105 ich niepodania b\u0119dzie brak mo\u017cliwo\u015bci prawid\u0142owego korzystania ze strony internetowej.\u00a0<em>boruni.pl<\/em>.<\/p>\n\n\n\n<p>Podane dane osobowe nie podlegaj\u0105 zautomatyzowanemu podejmowaniu decyzji ani profilowaniu.<\/p>","protected":false},"excerpt":{"rendered":"<p>PERSONAL DATA ADMINISTRATORThe administrator of Personal Data is Tomasz Miko\u0142ajczyk, who runs a business under the name Miko\u0142ajczyki Amber Tomasz Miko\u0142ajczyk with headquarters in Krakow, at: Rynek G\u0142\u00f3wny 1\/3, Sukiennice Kram 29, 31-042 Krak\u00f3w, with tax identification number NIP: 676-000-28-35 and REGON number: 350556249. WHAT ARE COOKIES?Cookies, also called cookies (from English, cookie means cookie) [&hellip;]<\/p>\n","protected":false},"author":1,"featured_media":0,"parent":0,"menu_order":0,"comment_status":"closed","ping_status":"closed","template":"","meta":{"_acf_changed":false,"slim_seo":{"noindex":"1","title":"Privacy Policy - BORUNI Amber Gallery","description":"PERSONAL DATA ADMINISTRATOR The administrator of Personal Data is Tomasz Miko\u0142ajczyk, who runs a business under the name Miko\u0142ajczyki Amber Tomasz Miko\u0142ajczyk w"},"footnotes":""},"class_list":["post-29","page","type-page","status-publish","hentry"],"acf":[],"_links":{"self":[{"href":"https:\/\/boruni.pl\/pl\/wp-json\/wp\/v2\/pages\/29","targetHints":{"allow":["GET"]}}],"collection":[{"href":"https:\/\/boruni.pl\/pl\/wp-json\/wp\/v2\/pages"}],"about":[{"href":"https:\/\/boruni.pl\/pl\/wp-json\/wp\/v2\/types\/page"}],"author":[{"embeddable":true,"href":"https:\/\/boruni.pl\/pl\/wp-json\/wp\/v2\/users\/1"}],"replies":[{"embeddable":true,"href":"https:\/\/boruni.pl\/pl\/wp-json\/wp\/v2\/comments?post=29"}],"version-history":[{"count":2,"href":"https:\/\/boruni.pl\/pl\/wp-json\/wp\/v2\/pages\/29\/revisions"}],"predecessor-version":[{"id":365,"href":"https:\/\/boruni.pl\/pl\/wp-json\/wp\/v2\/pages\/29\/revisions\/365"}],"wp:attachment":[{"href":"https:\/\/boruni.pl\/pl\/wp-json\/wp\/v2\/media?parent=29"}],"curies":[{"name":"wp","href":"https:\/\/api.w.org\/{rel}","templated":true}]}}