{"id":126,"date":"2024-11-10T19:56:28","date_gmt":"2024-11-10T17:56:28","guid":{"rendered":"https:\/\/boruni-gallery.local\/?page_id=126"},"modified":"2024-11-10T20:44:51","modified_gmt":"2024-11-10T18:44:51","slug":"our-story","status":"publish","type":"page","link":"https:\/\/boruni.pl\/pl\/our-story\/","title":{"rendered":"O nas"},"content":{"rendered":"<h2 class=\"wp-block-heading\">Galerie Boruni<\/h2>\n\n\n\n<p>Galeria BORUNI dzia\u0142a na rynku od pocz\u0105tku lat 90-tych, a jej w\u0142a\u015bcicielem i pomys\u0142odawc\u0105 jest Tomasz Miko\u0142ajczyk, kt\u00f3ry przed rozpocz\u0119ciem dzia\u0142alno\u015bci handlowej przez wiele lat prowadzi\u0142 w\u0142asn\u0105 pracowni\u0119 jubilersk\u0105.<\/p>\n\n\n\n<p>W bran\u017cy jubilerskiej znani jeste\u015bmy przede wszystkim jako najwi\u0119ksza krakowska galeria z bursztynow\u0105 bi\u017cuteri\u0105 oraz unikatowymi przedmiotami ozdobnymi. Obecnie posiadamy cztery punkty dzia\u0142aj\u0105ce w samym sercu Krakowa (<a href=\"\/pl\/location\/boruni-gallery\/\">Galeria przy ul. \u015aw. Jana 2<\/a> oraz <a href=\"\/pl\/location\/cloth-hall\/\">trzy stoiska w Sukiennicach<\/a>).<\/p>\n\n\n\n<p>Od pocz\u0105tku dzia\u0142alno\u015bci kierujemy si\u0119 zasad\u0105 uczciwego handlu. Oferujemy bi\u017cuteri\u0119 zar\u00f3wno z naturalnego, jak i modyfikowanego bursztynu ba\u0142tyckiego, o czym nasi klienci s\u0105 zawsze informowani. Wszystkie wyroby bursztynnicze, kt\u00f3re prezentujemy s\u0105 uprzednio zbadane za pomoc\u0105 spektrometru pod k\u0105tem autentyczno\u015bci potwierdzonej specjalnym certyfikatem.<\/p>\n\n\n\n<p>W Galerii BORUNI znajdziecie Pa\u0144stwo unikatow\u0105 bi\u017cuteri\u0119 inspirowan\u0105 aktualnymi trendami, a tak\u017ce t\u0119 klasyczn\u0105, o ponadczasowych wzorach czy tworzon\u0105 w idei minimalistycznego szyku. Wsp\u00f3\u0142pracujemy z wiod\u0105cymi polskimi i litewskimi producentami oraz uznanymi artystami\noraz projektantami bi\u017cuterii. Ponadto, opr\u00f3cz bi\u017cuterii damskiej i m\u0119skiej oferujemy oryginalne wyroby u\u017cytku codziennego i wiele innych.<\/p>\n\n\n\n<p>Odbiorcy naszej oferty mog\u0105 by\u0107 pewni, \u017ce na miejscu uzyskaj\u0105 odpowiedzi na wszystkie pytania dotycz\u0105ce bursztynu dzi\u0119ki wykwalifikowanemu personelowi Galerii BORUNI. Ponadto, osoby, kt\u00f3re pragn\u0105 dowiedzie\u0107 si\u0119 czego\u015b wi\u0119cej o \u201eskarbie Ba\u0142tyku\u201d maj\u0105 mo\u017cliwo\u015b\u0107 obejrzenia filmu (w kilku wersjach j\u0119zykowych) przedstawiaj\u0105cego histori\u0119 bursztynu i jego wsp\u00f3\u0142czesne manifestacje artystyczne.<\/p>\n\n\n\n<h2 class=\"wp-block-heading\">Bursztynowy Portal<\/h2>\n\n\n\n<p>Promowanie wiedzy o bursztynie zainicjowali\u015bmy w 2007 roku poprzez utworzenie <a href=\"https:\/\/www.amber.com.pl\/\" target=\"_blank\" rel=\"noreferrer noopener\">bursztynowego portalu<\/a>. W marcu 2007 ruszy\u0142 portal internetowy amber.com.pl, b\u0119d\u0105cy platform\u0105 informacji o bursztynie w j\u0119zyku polskim i angielskim. Portal jest medium przeznaczonym nie tylko dla os\u00f3b zwi\u0105zanych z bran\u017c\u0105 bursztynnicz\u0105, ale r\u00f3wnie\u017c \u017ar\u00f3d\u0142em cennych informacji dla laika poszukuj\u0105cego wiedzy o bursztynie. Od pocz\u0105tku istnienia k\u0142adziony jest nacisk na rzeteln\u0105, fachow\u0105 wiedz\u0119 \u2013 wysoki poziom wiedzy zapewnia wsp\u00f3\u0142praca z uznanymi przedstawicielami \u015brodowiska bursztynniczego, muzealnego i naukowego, a tak\u017ce z organizacjami bursztynniczymi, plac\u00f3wkami muzealnymi, instytucjami bursztynniczymi i organizatorami targ\u00f3w. Dzi\u0119ki temu portal staje si\u0119 wa\u017cnym narz\u0119dziem promocji bursztynu, bi\u017cuterii bursztynowej, producent\u00f3w, artyst\u00f3w i galerii oferuj\u0105cych wyroby z bursztynem.<\/p>\n\n\n\n<h2 class=\"wp-block-heading\">Muzeum Bursztynu<\/h2>\n\n\n\n<p>We wrze\u015bniu 2013 roku przy ulicy Jana 2 powsta\u0142o <a href=\"https:\/\/ambermuseum.eu\/en\/\" target=\"_blank\" rel=\"noreferrer noopener\">Muzeum Bursztynu<\/a>. Zgromadzili\u015bmy unikatowe eksponaty, ukazuj\u0105ce jego naturalne pi\u0119kno, demonstruj\u0105ce jego wyj\u0105tkowo\u015b\u0107, dostarczaj\u0105ce cennej wiedzy o powstawaniu i historii obr\u00f3bki, uwra\u017cliwiaj\u0105ce na jego pi\u0119kno i r\u00f3\u017cnorodno\u015b\u0107 form i barw. Tutaj staje si\u0119 jasne, dlaczego to w\u0142a\u015bnie bursztyn jest najpi\u0119kniejszym ze wszystkich kamieni. Nasz\u0105 misj\u0105 jest nie tylko edukacja, ale r\u00f3wnie\u017c dba\u0142o\u015b\u0107 o czysto\u015b\u0107 bursztynu ba\u0142tyckiego. Dlatego te\u017c, gdy muzeum prowadzi Laboratorium Bursztynu, gdzie na nowoczesnym i niezawodnym spektrometrze mo\u017cna sprawdzi\u0107, czy produkt jest wykonany z autentycznego bursztynu ba\u0142tyckiego.<\/p>\n\n\n\n<h2 class=\"wp-block-heading\">Laboratorium Bursztynu<\/h2>\n\n\n\n<p>Maj\u0105c na wzgl\u0119dzie nie tylko pi\u0119kno bursztynu, ale i jego czysto\u015b\u0107 stworzyli\u015bmy <a href=\"https:\/\/ambermuseum.eu\/en\/laboratorium-bursztynu\/\" target=\"_blank\" rel=\"noreferrer noopener\">Laboratorium Bursztynu<\/a>, w kt\u00f3rym mog\u0105 Pa\u0144stwo sprawdzi\u0107, czy posiadany wyr\u00f3b jest rzeczywi\u015bcie wykonany z prawdziwego bursztynu ba\u0142tyckiego, czy stanowi jego imitacj\u0119 \u2013 na nowoczesnym i niezawodnym spektrometrze nasz personel rozpoznaje autentyczno\u015b\u0107 bursztynu, a badanie trwa raptem kilka minut.<\/p>\n\n\n\n<p>Serdecznie Pa\u0144stwa zapraszamy do odwiedzenia BORUNI i zapoznania si\u0119 z ofert\u0105 wyrob\u00f3w bursztynniczych!<\/p>","protected":false},"excerpt":{"rendered":"<p>Boruni Galleries Galeria BORUNI has been operating on the market since the early 90s, and its owner and originator is Tomasz Miko\u0142ajczyk, who ran his own jewelry studio for many years before starting his business. In the jewelry industry, we are known primarily as the largest Krakow gallery with amber jewelry and unique decorative items. [&hellip;]<\/p>\n","protected":false},"author":1,"featured_media":305,"parent":0,"menu_order":0,"comment_status":"closed","ping_status":"closed","template":"","meta":{"_acf_changed":false,"slim_seo":{"title":"Nasza historia - Galeria Bursztynowa BORUNI","description":"Nasza historia Galeria Boruni Galeria BORUNI dzia\u0142a na rynku od pocz\u0105tku lat 90., a jej w\u0142a\u015bcicielem i pomys\u0142odawc\u0105 jest Tomasz Miko\u0142ajczyk, kt\u00f3ry prowadzi\u0142 swoj\u0105 w\u0142asn\u0105 galeri\u0119."},"footnotes":""},"class_list":["post-126","page","type-page","status-publish","has-post-thumbnail","hentry"],"acf":[],"_links":{"self":[{"href":"https:\/\/boruni.pl\/pl\/wp-json\/wp\/v2\/pages\/126","targetHints":{"allow":["GET"]}}],"collection":[{"href":"https:\/\/boruni.pl\/pl\/wp-json\/wp\/v2\/pages"}],"about":[{"href":"https:\/\/boruni.pl\/pl\/wp-json\/wp\/v2\/types\/page"}],"author":[{"embeddable":true,"href":"https:\/\/boruni.pl\/pl\/wp-json\/wp\/v2\/users\/1"}],"replies":[{"embeddable":true,"href":"https:\/\/boruni.pl\/pl\/wp-json\/wp\/v2\/comments?post=126"}],"version-history":[{"count":5,"href":"https:\/\/boruni.pl\/pl\/wp-json\/wp\/v2\/pages\/126\/revisions"}],"predecessor-version":[{"id":310,"href":"https:\/\/boruni.pl\/pl\/wp-json\/wp\/v2\/pages\/126\/revisions\/310"}],"wp:featuredmedia":[{"embeddable":true,"href":"https:\/\/boruni.pl\/pl\/wp-json\/wp\/v2\/media\/305"}],"wp:attachment":[{"href":"https:\/\/boruni.pl\/pl\/wp-json\/wp\/v2\/media?parent=126"}],"curies":[{"name":"wp","href":"https:\/\/api.w.org\/{rel}","templated":true}]}}